{"id":1569,"date":"2023-03-30T12:25:34","date_gmt":"2023-03-30T10:25:34","guid":{"rendered":"http:\/\/pabianickipolmaraton.pl\/?page_id=1569"},"modified":"2024-01-27T18:10:20","modified_gmt":"2024-01-27T17:10:20","slug":"upowaznienie","status":"publish","type":"page","link":"https:\/\/pabianickipolmaraton.pl\/index.php\/upowaznienie\/","title":{"rendered":"Upowa\u017cnienie"},"content":{"rendered":"<p><a href=\"http:\/\/pabianickipolmaraton.pl\/wp-content\/uploads\/2024\/01\/upowaznienie_PP24.pdf\" target=\"_blank\" rel=\"noopener\">P\u00f3\u0142maraton_upowa\u017cnienie<\/a><\/p>\n","protected":false},"excerpt":{"rendered":"<p>P\u00f3\u0142maraton_upowa\u017cnienie<\/p>\n","protected":false},"author":1,"featured_media":0,"parent":0,"menu_order":0,"comment_status":"closed","ping_status":"closed","template":"","meta":{"footnotes":""},"class_list":["post-1569","page","type-page","status-publish","hentry"],"_links":{"self":[{"href":"https:\/\/pabianickipolmaraton.pl\/index.php\/wp-json\/wp\/v2\/pages\/1569","targetHints":{"allow":["GET"]}}],"collection":[{"href":"https:\/\/pabianickipolmaraton.pl\/index.php\/wp-json\/wp\/v2\/pages"}],"about":[{"href":"https:\/\/pabianickipolmaraton.pl\/index.php\/wp-json\/wp\/v2\/types\/page"}],"author":[{"embeddable":true,"href":"https:\/\/pabianickipolmaraton.pl\/index.php\/wp-json\/wp\/v2\/users\/1"}],"replies":[{"embeddable":true,"href":"https:\/\/pabianickipolmaraton.pl\/index.php\/wp-json\/wp\/v2\/comments?post=1569"}],"version-history":[{"count":3,"href":"https:\/\/pabianickipolmaraton.pl\/index.php\/wp-json\/wp\/v2\/pages\/1569\/revisions"}],"predecessor-version":[{"id":1777,"href":"https:\/\/pabianickipolmaraton.pl\/index.php\/wp-json\/wp\/v2\/pages\/1569\/revisions\/1777"}],"wp:attachment":[{"href":"https:\/\/pabianickipolmaraton.pl\/index.php\/wp-json\/wp\/v2\/media?parent=1569"}],"curies":[{"name":"wp","href":"https:\/\/api.w.org\/{rel}","templated":true}]}}