{"id":1371,"date":"2023-02-13T18:52:30","date_gmt":"2023-02-13T17:52:30","guid":{"rendered":"http:\/\/serwer1868155.home.pl\/autoinstalator\/wordpress1\/?page_id=1371"},"modified":"2023-02-13T18:53:18","modified_gmt":"2023-02-13T17:53:18","slug":"polityka-prywatnosci-2","status":"publish","type":"page","link":"https:\/\/pabianickipolmaraton.pl\/index.php\/polityka-prywatnosci-2\/","title":{"rendered":"Polityka prywatno\u015bci"},"content":{"rendered":"\t\t<div data-elementor-type=\"wp-page\" data-elementor-id=\"1371\" class=\"elementor elementor-1371\">\n\t\t\t\t\t\t<section class=\"elementor-section elementor-top-section elementor-element elementor-element-d689dd9 elementor-section-boxed elementor-section-height-default elementor-section-height-default\" data-id=\"d689dd9\" data-element_type=\"section\">\n\t\t\t\t\t\t<div class=\"elementor-container elementor-column-gap-default\">\n\t\t\t\t\t<div class=\"elementor-column elementor-col-100 elementor-top-column elementor-element elementor-element-2bf24cb\" data-id=\"2bf24cb\" data-element_type=\"column\">\n\t\t\t<div class=\"elementor-widget-wrap elementor-element-populated\">\n\t\t\t\t\t\t<div class=\"elementor-element elementor-element-63bf2cd elementor-widget elementor-widget-text-editor\" data-id=\"63bf2cd\" data-element_type=\"widget\" data-widget_type=\"text-editor.default\">\n\t\t\t\t<div class=\"elementor-widget-container\">\n\t\t\t\t\t\t\t\t\t<p>Polityka informacyjna<\/p><p>Ni\u017cej przedstawiamy Pa\u0144stwu polityk\u0119 prywatno\u015bci Stowarzyszenia. Prosimy o uwa\u017cne zapoznanie si\u0119 z tre\u015bci\u0105 niniejszej informacji.<\/p><p>1. Kt\u00f3ry podmiot prawny b\u0119dzie wykorzystywa\u0142 Pana\/Pani dane osobowe?<\/p><p>Administratorem, czyli podmiotem decyduj\u0105cym o tym, jak b\u0119d\u0105 wykorzystywane Pani\/Pana dane osobowe, jest Stowarzyszenie \u201eWszystko Gra \u2013 Pabianice\u201d, 95- 200 Pabianice, ul. Traugutta 2.<\/p><p>2. W jaki spos\u00f3b b\u0119dziemy wykorzystywa\u0107 Pana\/Pani dane osobowe?<\/p><p>Stowarzyszenie \u201eWszystko Gra \u2013 Pabianice\u201d b\u0119dzie wykorzystywa\u0107 Pana\/Pani dane osobowe w celu:<\/p><ul><li>organizacji, przeprowadzenia i promocji imprez sportowych, kt\u00f3rych jeste\u015bmy Organizatorem oraz w celu promocji tych imprez w latach nast\u0119pnych,<\/li><li>umo\u017cliwienia \u015bwiadczenia us\u0142ug drog\u0105 elektroniczn\u0105 oraz pe\u0142nego korzystania z serwis\u00f3w, kt\u00f3re prowadz\u0105 zapisy na wydarzenia organizowane przez nasze Stowarzyszenie, w szczeg\u00f3lno\u015bci dokonywania zg\u0142osze\u0144 i p\u0142atno\u015bci za imprezy,<\/li><li>zapewnienie obs\u0142ugi us\u0142ug p\u0142atniczych,<\/li><li>zak\u0142adania i zarz\u0105dzania Pani\/Pana kontem lub kontami, oraz zapewnienia obs\u0142ugi Pani\/Pana konta, transakcji i rozwi\u0105zywania problem\u00f3w technicznych,<\/li><li>publikowania wynik\u00f3w imprez sportowych, kt\u00f3rych jeste\u015bmy Organizatorami,<\/li><li>obs\u0142ugi zg\u0142osze\u0144, kt\u00f3re do nas s\u0105 kierowane (np. przez formularz kontaktowy, maila, telefon kontaktowy),<\/li><li>kontaktowania si\u0119 z Pani\u0105\/Panem za pomoc\u0105 podanego przez Pani\u0105\/Pana maila b\u0105d\u017a numeru telefonu, m. in. w celach zwi\u0105zanych ze \u015bwiadczeniem us\u0142ug.<\/li><\/ul><p>Dodatkowo, przepisy prawa wymagaj\u0105 od nas przetwarzania Pani\/Pana danych dla cel\u00f3w podatkowych i rachunkowych.<\/p><p>Przetwarzamy te\u017c dane osobowe w celach wskazanych poni\u017cej, na podstawie prawnie uzasadnionego interesu Stowarzyszenia \u201eWszystko Gra \u2013 Pabianice\u201d, kt\u00f3rym jest:<\/p><ul><li>kontaktowanie si\u0119 z Pani\u0105\/Panem, w tym w celach zwi\u0105zanych z dozwolonymi dzia\u0142aniami marketingowymi, poprzez dost\u0119pne kana\u0142y komunikacji, w szczeg\u00f3lno\u015bci i za Pani\/Pana zgod\u0105 \u2013 przez e-mail oraz telefon,<\/li><li>obs\u0142uga Pani\/Pana pr\u00f3\u015bb, przekazywanych przez formularz kontaktowy w sytuacji, gdy nie s\u0105 one zwi\u0105zane wprost z wykonaniem umowy,<\/li><li>prowadzenie analiz statystycznych,<\/li><li>przechowywanie danych dla cel\u00f3w archiwizacyjnych oraz zapewnienie rozliczalno\u015bci (wykazania spe\u0142nienia przez nas obowi\u0105zk\u00f3w wynikaj\u0105cych z przepis\u00f3w prawa).<\/li><\/ul><p>3. Jakie dane osobowe b\u0119dziemy wykorzystywa\u0107?<\/p><p>Przetwarzane b\u0119d\u0105 wy\u0142\u0105cznie dane osobowe, kt\u00f3re s\u0105 niezb\u0119dne do organizacji wydarze\u0144, w kt\u00f3rych bierzecie Pa\u0144stwo udzia\u0142.<\/p><p>4. Jakimi \u015brodkami b\u0119dziemy przetwarza\u0107 Pana\/Pani dane osobowe?<\/p><p>Pana\/Pani dane osobowe b\u0119d\u0105 przetwarzane za po\u015brednictwem informatycznych system\u00f3w operacyjnych oraz formularzy papierowych.<\/p><p>5. Komu b\u0119dziemy udost\u0119pnia\u0107 Pana\/Pani dane osobowe?<\/p><p>Mo\u017cemy udost\u0119pnia\u0107 Pana\/Pani dane osobowe innym podmiotom:<\/p><ul><li>podmiotom wspieraj\u0105cym nas w \u015bwiadczeniu us\u0142ug drog\u0105 elektroniczn\u0105, czyli takim, kt\u00f3re zapewniaj\u0105 us\u0142ugi p\u0142atnicze, wspomagaj\u0105 obs\u0142ug\u0119 u\u017cytkownik\u00f3w serwis\u00f3w, wspieraj\u0105 promocj\u0119 ofert, wsp\u00f3\u0142pracuj\u0105 w ramach kampanii marketingowych,<\/li><li>osobom upowa\u017cnionym przez nas \u2013 naszym pracownikom i wsp\u00f3\u0142pracownikom, kt\u00f3rzy musz\u0105 mie\u0107 dost\u0119p do danych, aby wykonywa\u0107 swoje obowi\u0105zki,<\/li><li>podmiotom przetwarzaj\u0105cym \u2013 kt\u00f3rym zlecimy czynno\u015bci przetwarzania danych,<\/li><li>innym podmiotom wsp\u00f3\u0142pracuj\u0105cym z Administratorem np. ubezpieczycielom, ksi\u0119gowym, prawnikom, programistom, Organom Administracji Pa\u0144stwowej i Samorz\u0105dowej<\/li><li>mo\u017cemy przekaza\u0107 Twoje dane osobowe organom publicznym walcz\u0105cym z oszustwami i nadu\u017cyciami<\/li><\/ul><p>6. Dlaczego wymagane jest przekazanie Pana\/Pani danych osobowych?<\/p><p>Przekazanie Pana\/Pani danych jest wymagane ze wzgl\u0119du na charakter \u015bwiadczonych przez nas us\u0142ug. Podanie danych jest dobrowolne. Je\u017celi nie udost\u0119pnicie Pa\u0144stwo danych nasze us\u0142ugi nie b\u0119d\u0105 mog\u0142y by\u0107 zrealizowane.<\/p><p>7. Jakie prawa przys\u0142uguj\u0105 Panu\/Pani w zwi\u0105zku z w\u0142asnymi danymi osobowymi?<\/p><p>W odniesieniu do w\u0142asnych danych osobowych przys\u0142uguj\u0105 Panu\/Pani nast\u0119puj\u0105ce prawa:<\/p><ol type=\"a\"><li>Dost\u0119p \u2013 mo\u017ce Pan\/Pani za\u017c\u0105da\u0107 udzielenia nieodp\u0142atnego dost\u0119pu do w\u0142asnych danych,<\/li><li>Sprostowanie \u2013 mo\u017ce Pan\/Pani wyst\u0105pi\u0107 o korygowanie nieprawid\u0142owych lub niepe\u0142nych danych osobowych,<\/li><li>Usuni\u0119cie \u2013 mo\u017ce Pan\/Pani wyst\u0105pi\u0107 o usuni\u0119cie danych osobowych w przypadku, gdy zachodzi jedna z nast\u0119puj\u0105cych okoliczno\u015bci:<ul><li>Dane osobowe nie s\u0105 ju\u017c niezb\u0119dne do cel\u00f3w, w kt\u00f3rych zosta\u0142y zebrane lub w inny spos\u00f3b przetwarzane;<\/li><li>Wycofa\u0142(-a) Pan\/Pani zgod\u0119, na kt\u00f3rej opiera si\u0119 przetwarzanie i nie ma innej podstawy prawnej przetwarzania;<\/li><li>Wnosi Pan\/Pani sprzeciw wobec przetwarzania i nie wyst\u0119puj\u0105 nadrz\u0119dne prawnie uzasadnione podstawy przetwarzania lub wnosi Pani\/Pani sprzeciw wobec przetwarzania na potrzeby marketingu bezpo\u015bredniego;<\/li><li>Dane osobowe by\u0142y przetwarzane niezgodnie z prawem;<\/li><li>Dane osobowe musz\u0105 zosta\u0107 usuni\u0119te w celu wywi\u0105zania si\u0119 z obowi\u0105zku prawnego przewidzianego w prawie Unii lub prawie pa\u0144stwa cz\u0142onkowskiego, kt\u00f3remu podlega Stowarzyszenie \u201eWszystko Gra \u2013 Pabianice\u201d ;<\/li><li>Dane osobowe zosta\u0142y zebrane w zwi\u0105zku z oferowaniem us\u0142ug spo\u0142ecze\u0144stwa informacyjnego.<\/li><\/ul><\/li><li>Ograniczenie przetwarzania \u2013 mo\u017ce Pan\/Pani wyst\u0105pi\u0107 o ograniczenie sposobu przetwarzania Pana\/Pani danych osobowych w przypadku, gdy zachodzi jedna z nast\u0119puj\u0105cych okoliczno\u015bci:<ul><li>Kwestionuje Pan\/Pani prawid\u0142owo\u015b\u0107 swoich danych osobowych. Przetwarzanie jest niezgodne z prawem, a Pan\/Pani sprzeciwia si\u0119 usuni\u0119ciu danych osobowych, \u017c\u0105daj\u0105c w zamian ograniczenia ich wykorzystywania;<\/li><li>Stowarzyszenie \u201eWszystko Gra \u2013 Pabianice\u201d nie potrzebuje ju\u017c danych osobowych do cel\u00f3w przetwarzania, ale s\u0105 one potrzebne Panu\/Pani do ustalenia, dochodzenia lub obrony roszcze\u0144;<\/li><li>Wni\u00f3s\u0142\/wnios\u0142a Pan\/Pani sprzeciw wobec przetwarzania w zwi\u0105zku z prawem do sprzeciwu i zautomatyzowanym podejmowaniem decyzji \u2013 do czasu stwierdzenia, czy prawnie uzasadnione podstawy po stronie Stowarzyszenia \u201eWszystko Gra \u2013 Pabianice\u201d s\u0105 nadrz\u0119dne wobec podstaw Pana\/Pani sprzeciwu.<\/li><\/ul><\/li><li>Przenoszenie danych \u2013 mo\u017ce Pan\/Pani wyst\u0105pi\u0107 o\u00a0przekazanie dostarczonych nam danych do innej organizacji lub wyst\u0105pi\u0107 o\u00a0dostarczenie swoich danych osobowych w ustrukturyzowanym, powszechnie u\u017cywanym formacie nadaj\u0105cym si\u0119 do odczytu maszynowego.<\/li><li>Wycofanie zgody \u2013 mo\u017ce Pan\/Pani w dowolnym momencie wycofa\u0107 udzielon\u0105 zgod\u0119 na przetwarzanie swoich danych osobowych, ale cofni\u0119cie zgody nie wp\u0142ywa na zgodno\u015b\u0107 z prawem przetwarzania, kt\u00f3rego dokonano na podstawie Pani\/Pana zgody przed jej wycofaniem.<\/li><li>Sprzeciw \u2013 mo\u017ce Pan\/Pani wnie\u015b\u0107 sprzeciw wobec przetwarzania Pana\/Pani danych osobowych na potrzeby marketingu bezpo\u015bredniego lub w innej sytuacji przewidzianej w przepisach prawa poprzez powiadomienie Inspektora Ochrony Danych o Pana\/Pani zastrze\u017ceniach.<\/li><\/ol><p>8. W jaki spos\u00f3b mo\u017cna wnie\u015b\u0107 skarg\u0119?<\/p><p>Przys\u0142uguje Panu\/Pani prawo do wniesienia skargi do organu nadzorczego w spos\u00f3b wskazany na stronie internetowej organu nadzorczego pod adresem https:\/\/www.giodo.gov.pl.<\/p><p>9. Jak d\u0142ugo b\u0119dziemy przechowywa\u0107 Pana\/Pani dane osobowe?<\/p><p>B\u0119dziemy przechowywa\u0107 Pana\/Pani dane przez okres niezb\u0119dny do cel\u00f3w, o kt\u00f3rych mowa powy\u017cej, a tak\u017ce po ich zako\u0144czeniu w celach:<\/p><ul><li>dochodzenia roszcze\u0144 w zwi\u0105zku z wykonywaniem us\u0142ugi,<\/li><li>wykonania obowi\u0105zk\u00f3w wynikaj\u0105cych z przepis\u00f3w prawa, w tym w szczeg\u00f3lno\u015bci podatkowych i rachunkowych,<\/li><li>statystycznych i archiwizacyjnych w tym publikacji wynik\u00f3w imprez sportowych.<\/li><\/ul><p>Pani\/Pana dane osobowe mog\u0105 by\u0107 przechowywane w nast\u0119puj\u0105cych wersjach:<\/p><p>\u2013 w wersji drukowanej (podpisane formularze zg\u0142oszeniowe na imprezach sportowych):<\/p><ul><li>maksymalnie przez okres 5 lat od dnia zawod\u00f3w;<\/li><li>minimalnie przez okres 12 miesi\u0119cy od dnia zawod\u00f3w.<\/li><\/ul><p>\u2013 w wersji elektronicznej:<\/p><ul><li>maksymalnie przez okres 15 lat od dnia zako\u0144czenia wykonania us\u0142ugi.<\/li><\/ul><p>Przechowujemy Pani\/Pana dane osobowe dla cel\u00f3w marketingowych przez okres \u015bwiadczenia us\u0142ugi lub do momentu wniesienia przez Pani\u0105\/Pana sprzeciwu wobec takiego przetwarzania, w zale\u017cno\u015bci od tego, kt\u00f3re z tych zdarze\u0144 wyst\u0105pi wcze\u015bniej.<\/p><p>W przypadku organizacji program\u00f3w lojalno\u015bciowych, konkurs\u00f3w oraz akcji promocyjnych, w kt\u00f3rych mo\u017ce Pani\/Pan wzi\u0105\u0107 udzia\u0142 \u2013 b\u0119dziemy przetwarza\u0107 dane przez czas ich trwania i okres rozliczenia wr\u0119czania nagr\u00f3d. W celu rozliczalno\u015bci tj. udowodnienia przestrzegania przepis\u00f3w dotycz\u0105cych przetwarzania danych osobowych b\u0119dziemy przechowywa\u0107 dane przez okres, w kt\u00f3rym Stowarzyszenie \u201eWszystko Gra \u2013 Pabianice: zobowi\u0105zane jest do zachowania danych lub dokument\u00f3w je zawieraj\u0105cych dla udokumentowania spe\u0142nienia wymaga\u0144 prawnych i umo\u017cliwienia kontroli ich spe\u0142nienia przez organy publiczne.<\/p>\t\t\t\t\t\t\t\t<\/div>\n\t\t\t\t<\/div>\n\t\t\t\t\t<\/div>\n\t\t<\/div>\n\t\t\t\t\t<\/div>\n\t\t<\/section>\n\t\t\t\t<\/div>\n\t\t","protected":false},"excerpt":{"rendered":"<p>Polityka informacyjna Ni\u017cej przedstawiamy Pa\u0144stwu polityk\u0119 prywatno\u015bci Stowarzyszenia. Prosimy o uwa\u017cne zapoznanie si\u0119 z tre\u015bci\u0105 niniejszej informacji. 1. Kt\u00f3ry podmiot prawny b\u0119dzie wykorzystywa\u0142 Pana\/Pani dane osobowe? Administratorem, czyli podmiotem decyduj\u0105cym o tym, jak b\u0119d\u0105 wykorzystywane Pani\/Pana dane osobowe, jest Stowarzyszenie \u201eWszystko Gra \u2013 Pabianice\u201d, 95- 200 Pabianice, ul. Traugutta 2. 2. W jaki spos\u00f3b b\u0119dziemy [&hellip;]<\/p>\n","protected":false},"author":1,"featured_media":0,"parent":0,"menu_order":0,"comment_status":"closed","ping_status":"closed","template":"","meta":{"footnotes":""},"class_list":["post-1371","page","type-page","status-publish","hentry"],"_links":{"self":[{"href":"https:\/\/pabianickipolmaraton.pl\/index.php\/wp-json\/wp\/v2\/pages\/1371","targetHints":{"allow":["GET"]}}],"collection":[{"href":"https:\/\/pabianickipolmaraton.pl\/index.php\/wp-json\/wp\/v2\/pages"}],"about":[{"href":"https:\/\/pabianickipolmaraton.pl\/index.php\/wp-json\/wp\/v2\/types\/page"}],"author":[{"embeddable":true,"href":"https:\/\/pabianickipolmaraton.pl\/index.php\/wp-json\/wp\/v2\/users\/1"}],"replies":[{"embeddable":true,"href":"https:\/\/pabianickipolmaraton.pl\/index.php\/wp-json\/wp\/v2\/comments?post=1371"}],"version-history":[{"count":4,"href":"https:\/\/pabianickipolmaraton.pl\/index.php\/wp-json\/wp\/v2\/pages\/1371\/revisions"}],"predecessor-version":[{"id":1375,"href":"https:\/\/pabianickipolmaraton.pl\/index.php\/wp-json\/wp\/v2\/pages\/1371\/revisions\/1375"}],"wp:attachment":[{"href":"https:\/\/pabianickipolmaraton.pl\/index.php\/wp-json\/wp\/v2\/media?parent=1371"}],"curies":[{"name":"wp","href":"https:\/\/api.w.org\/{rel}","templated":true}]}}