{"id":1213,"date":"2023-02-03T12:01:36","date_gmt":"2023-02-03T11:01:36","guid":{"rendered":"http:\/\/serwer1868155.home.pl\/autoinstalator\/wordpress1\/?page_id=1213"},"modified":"2025-01-11T16:48:03","modified_gmt":"2025-01-11T15:48:03","slug":"regulamin","status":"publish","type":"page","link":"https:\/\/pabianickipolmaraton.pl\/index.php\/regulamin\/","title":{"rendered":"Regulamin"},"content":{"rendered":"\t\t<div data-elementor-type=\"wp-page\" data-elementor-id=\"1213\" class=\"elementor elementor-1213\">\n\t\t\t\t\t\t<section class=\"elementor-section elementor-top-section elementor-element elementor-element-3b0026a elementor-section-boxed elementor-section-height-default elementor-section-height-default\" data-id=\"3b0026a\" data-element_type=\"section\">\n\t\t\t\t\t\t<div class=\"elementor-container elementor-column-gap-default\">\n\t\t\t\t\t<div class=\"elementor-column elementor-col-100 elementor-top-column elementor-element elementor-element-9bba615\" data-id=\"9bba615\" data-element_type=\"column\">\n\t\t\t<div class=\"elementor-widget-wrap elementor-element-populated\">\n\t\t\t\t\t\t<div class=\"elementor-element elementor-element-0aef139 elementor-widget elementor-widget-text-editor\" data-id=\"0aef139\" data-element_type=\"widget\" data-widget_type=\"text-editor.default\">\n\t\t\t\t<div class=\"elementor-widget-container\">\n\t\t\t\t\t\t\t\t\t<p style=\"text-align: center;\"><strong>REGULAMIN <br \/><\/strong><\/p><p style=\"text-align: center;\"><strong>XIII PABIANICKIEGO P\u00d3\u0141MARATONU \u201eWszystko Gra\u201d<\/strong><\/p><p><strong>I. CELE:<br \/><\/strong><br \/>\u2013 upowszechnienie masowego biegania,<br \/>\u2013 propagowanie zdrowego trybu \u017cycia,<br \/>\u2013 promocja miasta PABIANICE,<br \/>\u2013 zach\u0119cenie do uprawiania sportu,<br \/>\u2013 wdra\u017canie do systematycznego stosowania \u0107wicze\u0144 podnosz\u0105cych t\u0119\u017cyzn\u0119 fizyczn\u0105, <br \/>kszta\u0142tuj\u0105cych prawid\u0142ow\u0105 postaw\u0119,<br \/>\u2013 rozwijanie motywacji do podejmowania samodzielnych dzia\u0142a\u0144 <br \/>na rzecz harmonijnego rozwoju fizycznego,<br \/>\u2013 popularyzacja bieg\u00f3w jako formy rekreacji ruchowej.<\/p><p><strong>II. ORGANIZATOR:<\/strong><\/p><p>Stowarzyszenie \u201eWszystko Gra \u2013 Pabianice\u201d<br \/>ul. Traugutta 2 (I pi\u0119tro)<br \/>95-200 Pabianice<\/p><p>NIP 731-204-82-33 REGON 360484832<br \/>tel. 515 105 910<br \/>biuro@pabianickipolmaraton.pl<br \/>www.pabianickipolmaraton.pl<\/p><p>Biuro czynne:<br \/>wtorek 17.00 \u2013 19.00<\/p><p><strong>III. WSP\u00d3\u0141ORGANIZATORZY<\/strong>:<\/p><p>\u2013 Urz\u0105d Miejski w Pabianicach,<br \/>\u2013\u00a0<span style=\"font-style: inherit; font-weight: inherit; color: var( --e-global-color-text ); font-family: var( --e-global-typography-text-font-family ), Sans-serif;\">Powiat Pabianicki,<br \/><\/span><span style=\"font-style: inherit; font-weight: inherit; color: var( --e-global-color-text ); font-family: var( --e-global-typography-text-font-family ), Sans-serif;\">\u2013 Miejski O\u015brodek Sportu i Rekreacji w Pabianicach<\/span><\/p><p><strong>IV. TERMIN:<\/strong><\/p><p>13 kwietnia 2025 roku, godz. 11.00 \u2013 limit czasu 3 h<\/p><p><strong>V. START I META:<\/strong><\/p><p>Miejski O\u015brodek Sportu i Rekreacji w Pabianicach,<br \/>95-200 Pabianice, ul. Grota Roweckiego 3<\/p><p><strong>VI. TRASA:<\/strong><\/p><p>\u2013 dystans 21,0975 km,<br \/>\u2013 trasa: ulice Pabianic i okolic miasta,<br \/>\u2013 trasa jest oznakowana (co 1 km), zabezpieczona,<br \/>\u2013 trasa posiada atest PZLA,<br \/>\u2013 bieg odb\u0119dzie si\u0119 przy ograniczonym ruchu drogowym,<br \/>\u2013 nawierzchnia asfaltowa 100%,<br \/>\u2013 punkty od\u017cywiania co 5 km (woda, czekolada, banan),<br \/>\u2013 od godziny 11.00 do 14.00 w dniu 13.04.2025 roku trasa b\u0119dzie zamkni\u0119ta<br \/>lub dopuszczony b\u0119dzie jednostronny ruch ko\u0142owy zgodnie z decyzj\u0105<br \/>o wykorzystaniu dr\u00f3g w spos\u00f3b szczeg\u00f3lny. Uczestnik\u00f3w obowi\u0105zuje <br \/>limit czasowy wynosz\u0105cy 3 h. Wszyscy zawodnicy, kt\u00f3rzy nie uko\u0144cz\u0105 biegu<br \/>do godziny 14.00 zobowi\u0105zani s\u0105 do przerwania biegu i zej\u015bcia <br \/>z trasy lub dojechania do mety autobusem z napisem KONIEC BIEGU.<\/p><p><strong>VII. WARUNKI UCZESTNICTWA:<\/strong><\/p><p>\u2013 w XIII Pabianickim P\u00f3\u0142maratonie prawo startu maj\u0105 osoby, kt\u00f3re do dnia 13.04.2025<br \/>uko\u0144cz\u0105 16 lat (osoby niepe\u0142noletnie mog\u0105 wzi\u0105\u0107 udzia\u0142 w P\u00f3\u0142maratonie <br \/>wy\u0142\u0105cznie za pisemn\u0105 zgod\u0105 rodzica lub prawnego opiekuna),<\/p><p>\u2013 zawodnicy przed startem musz\u0105 zosta\u0107 zweryfikowani w Biurze P\u00f3\u0142maratonu,<\/p><p>\u2013 weryfikacja zawodnik\u00f3w oraz wydawanie numer\u00f3w startowych odb\u0119dzie si\u0119<br \/>w Biurze P\u00f3\u0142maratonu zlokalizowanym na terenie Miejskiego O\u015brodka Sportu i Rekreacji<br \/>w Pabianicach przy ul. Grota Roweckiego 3 czynnym w nast\u0119puj\u0105cych godzinach:<\/p><p>12.04.2025 r. (sobota) w godz. 17:00 \u2013 19:00<\/p><p>13.04.2025 r. (niedziela) w godz. 08:00 \u2013 10:00<br \/>(Organizatorzy zastrzegaj\u0105 sobie prawo do zmian godzin otwarcia Biura P\u00f3\u0142maratonu)<\/p><p>\u2013 podczas weryfikacji zawodnik musi posiada\u0107 dokument potwierdzaj\u0105cy to\u017csamo\u015b\u0107<br \/>(dow\u00f3d osobisty, paszport lub prawo jazdy), stra\u017cacy\u00a0 i policjanci rejestruj\u0105cy si\u0119 <br \/>w Biurze P\u00f3\u0142maratonu musz\u0105 okaza\u0107 si\u0119 legitymacj\u0105 s\u0142u\u017cbow\u0105; w przypadku <br \/>braku dokumentu zawodnik zostanie skre\u015blony z kategorii stra\u017cacy, policjanci,<\/p><p>\u2013 podczas weryfikacji zawodnik musi przedstawi\u0107 aktualne za\u015bwiadczenie lekarskie <br \/>o braku przeciwwskaza\u0144 do udzia\u0142u w p\u00f3\u0142maratonie lub w\u0142asnor\u0119cznie z\u0142o\u017cy\u0107 podpis <br \/>pod o\u015bwiadczeniem o udziale w biegu na w\u0142asn\u0105 odpowiedzialno\u015b\u0107, znajduj\u0105ce si\u0119 <br \/>na karcie zg\u0142oszeniowej, z kt\u00f3r\u0105 zawodnik b\u0119dzie musia\u0142 przyj\u015b\u0107 do biura zawod\u00f3w.<\/p><p>&#8211; ka\u017cdy zawodnik w celu odbioru numeru startowego b\u0119dzie musia\u0142 przyj\u015b\u0107 do <br \/>biura zawod\u00f3w z wydrukowan\u0105 i podpisan\u0105 kart\u0105 zg\u0142oszeniow\u0105, kt\u00f3ra zostanie <br \/>udost\u0119pniona mu w panelu administracyjnym na stronie zapis\u00f3w najp\u00f3\u017aniej <br \/>na 3 dni przed zawodami. Kart\u0119 zg\u0142oszeniow\u0105 nale\u017cy wydrukowa\u0107 z konta <br \/>na stronie zapisy.inessport.pl \u2013 po zalogowaniu nale\u017cy wej\u015b\u0107 w zak\u0142adk\u0119 <br \/>moje konto \u2013 nadchodz\u0105ce wydarzenia \u2013 pobierz kart\u0119 zg\u0142oszeniow\u0105.<\/p><p>\u2013 zawodnicy musz\u0105 przestrzega\u0107 regulaminu P\u00f3\u0142maratonu, obowi\u0105zuj\u0105cych <br \/>przepis\u00f3w, zarz\u0105dze\u0144 organizator\u00f3w oraz s\u0142u\u017cb porz\u0105dkowych.<\/p><p><strong>VIII. ZG\u0141OSZENIA, \u015aWIADCZENIA I OP\u0141ATA STARTOWA:<\/strong><\/p><p>&#8211; op\u0142at\u0119 startow\u0105 nale\u017cy ui\u015bci\u0107 wy\u0142\u0105cznie za po\u015brednictwem <br \/>portalu internetowego Przelewy24.<\/p><p><strong>&#8211; po dokonaniu zg\u0142oszenia, system przekierowuje na stron\u0119 <\/strong><strong>Przelewy24<\/strong><strong>, <br \/>przez kt\u00f3r\u0105 nale\u017cy dokona\u0107 op\u0142aty startowej.<\/strong><\/p><p><strong>&#8211; p\u0142atno\u015bci mo\u017cna dokona\u0107 r\u00f3wnie\u017c po zalogowaniu w serwisie <br \/>zapisy.inessport.pl \u2013 zak\u0142adka moje konto \u2013 p\u0142atno\u015bci.<\/strong><\/p><p>&#8211; op\u0142aty startowe nast\u0119puj\u0105 on-line jako finalizacja zg\u0142oszenia uczestnictwa,<\/p><p>&#8211; organizator nie ponosi odpowiedzialno\u015bci za terminy realizacji przelew\u00f3w bankowych i pocztowych,<\/p><p>&#8211; za dzie\u0144 zap\u0142aty uwa\u017ca si\u0119 dat\u0119 wp\u0142ywu \u015brodk\u00f3w pieni\u0119\u017cnych na konto organizatora,<\/p><p>&#8211; wysoko\u015b\u0107 op\u0142aty jest uzale\u017cniona od terminu wp\u0142aty zgodnie z tabel\u0105 poni\u017cej, <br \/>op\u0142ata startowa nie podlega zwrotowi,<\/p><p>\u2013 z wp\u0142aty wpisowego zwolnione s\u0105 osoby powy\u017cej 70 roku \u017cycia,<\/p><p>\u2013 w V\u00a0 terminie Organizator zastrzega sobie prawo do przyj\u0119cia wy\u0142\u0105cznie 100 uczestnik\u00f3w,<\/p><p>&#8211; istnieje mo\u017cliwo\u015b\u0107 przeniesienia wpisowego na innego zawodnika w nieprzekraczalnym<br \/>\u00a0terminie do 31 marca 2025 r. Warunkiem jest wype\u0142nienie formularza przeniesienia <br \/>pakietu zamieszczonego na stronie www.zapisy.inessport.pl i wniesienie op\u0142aty <br \/>manipulacyjnej w wysoko\u015bci 15,00 z\u0142.<\/p><p>&#8211; Osoby, kt\u00f3re chc\u0105 otrzyma\u0107 faktur\u0119 za wniesion\u0105 op\u0142at\u0119 startow\u0105 powinny zaznaczy\u0107 <br \/>odpowiedni\u0105 opcj\u0119 w formularzu zg\u0142oszeniowym i wpisa\u0107 wszystkie wymagane dane <br \/>potrzebne do wystawienia dokumentu. Faktura zostanie wygenerowana po zaksi\u0119gowaniu<br \/>wp\u0142aty i zostanie przes\u0142ana w wersji elektronicznej na adres mailowy podany<br \/>w profilu danego uczestnika, w terminie do 15 dnia miesi\u0105ca nast\u0119puj\u0105cego <br \/>po miesi\u0105cu w kt\u00f3rym mia\u0142a miejsce wp\u0142ata.<br \/>&#8211; Zgodnie z przepisami podatkowymi, ze wzgl\u0119du na dokonanie p\u0142atno\u015bci przed <br \/>wykonaniem us\u0142ugi, zostanie wystawiona faktura zaliczkowa obejmuj\u0105ca pe\u0142n\u0105 <br \/>kwot\u0119 wniesionej op\u0142aty. Tym samym faktura zaliczkowa jest jednocze\u015bnie faktur\u0105 ko\u0144cow\u0105.<br \/>&#8211; Zaznaczaj\u0105c opcj\u0119 Faktura, Uczestnik wyra\u017ca zgod\u0119 na przesy\u0142anie faktur bez podpisu <br \/>odbiorcy, w formie elektronicznej. Zgoda ta nie wy\u0142\u0105cza prawa Organizatora do <br \/>wystawiania i przesy\u0142ania faktur w formie papierowej.<\/p><p>Terminy zg\u0142osze\u0144:<\/p><table><tbody><tr><td width=\"92\"><p><strong>\u00a0<\/strong><\/p><\/td><td width=\"317\"><p><strong>Data<\/strong><\/p><\/td><td width=\"206\"><p><strong>Wpisowe<\/strong><\/p><\/td><\/tr><tr><td width=\"92\"><p>I termin<\/p><\/td><td width=\"317\"><p>do 31.12.2024 roku<\/p><\/td><td width=\"206\"><p>120,00 z\u0142<\/p><\/td><\/tr><tr><td width=\"92\"><p>II termin<\/p><\/td><td width=\"317\"><p>1.01.2025 roku \u2013 31.01.2025 roku<\/p><\/td><td width=\"206\"><p>130,00 z\u0142<\/p><\/td><\/tr><tr><td width=\"92\"><p>III termin<\/p><\/td><td width=\"317\"><p>1.02.2025 roku &#8211; 28.02.2025 roku<\/p><\/td><td width=\"206\"><p>150,00 z\u0142<\/p><\/td><\/tr><tr><td width=\"92\"><p>IV termin<\/p><\/td><td width=\"317\"><p>1.03.2025 roku \u2013 06.04.2005 roku<\/p><\/td><td width=\"206\"><p>160,00 z\u0142<\/p><\/td><\/tr><tr><td width=\"92\"><p>V termin<\/p><\/td><td width=\"317\"><p>12.04.2025 roku &#8211; 13.04.2025 roku<\/p><p>W\u00a0 Biurze P\u00f3\u0142maratonu ( tylko got\u00f3wk\u0105)<\/p><\/td><td width=\"206\"><p>200,00 z\u0142<\/p><\/td><\/tr><\/tbody><\/table><p><strong>IX. POMIAR CZASU:\u00a0<\/strong>\u00a0\u00a0\u00a0\u00a0\u00a0\u00a0\u00a0\u00a0\u00a0\u00a0\u00a0\u00a0\u00a0\u00a0\u00a0\u00a0\u00a0\u00a0\u00a0\u00a0\u00a0\u00a0\u00a0 \u00a0\u00a0\u00a0\u00a0\u00a0\u00a0\u00a0\u00a0\u00a0\u00a0\u00a0\u00a0\u00a0\u00a0\u00a0\u00a0\u00a0\u00a0\u00a0\u00a0\u00a0\u00a0\u00a0\u00a0\u00a0\u00a0\u00a0\u00a0\u00a0\u00a0\u00a0\u00a0\u00a0\u00a0\u00a0\u00a0\u00a0\u00a0\u00a0\u00a0\u00a0\u00a0\u00a0\u00a0\u00a0\u00a0\u00a0\u00a0\u00a0\u00a0\u00a0\u00a0\u00a0\u00a0\u00a0\u00a0\u00a0\u00a0\u00a0\u00a0\u00a0\u00a0\u00a0\u00a0\u00a0\u00a0\u00a0\u00a0\u00a0\u00a0\u00a0\u00a0\u00a0\u00a0\u00a0\u00a0\u00a0\u00a0\u00a0\u00a0\u00a0\u00a0\u00a0\u00a0\u00a0\u00a0\u00a0<\/p><p>\u00a0&#8211; Pomiar czasu odb\u0119dzie si\u0119 za pomoc\u0105 chip\u00f3w w numerach startowych.\u00a0\u00a0\u00a0\u00a0\u00a0\u00a0\u00a0\u00a0\u00a0\u00a0\u00a0\u00a0\u00a0\u00a0\u00a0\u00a0\u00a0\u00a0\u00a0\u00a0<\/p><p>&#8211; Podczas biegu wszyscy zawodnicy musz\u0105 mie\u0107 numery startowe przymocowane<br \/>\u00a0w pozycji poziomej z przodu do odzie\u017cy wierzchniej. Zas\u0142anianie numeru startowego <br \/>w cz\u0119\u015bci lub w ca\u0142o\u015bci b\u0105d\u017a jego modyfikacja, zmiana pozycji mocowania, <br \/>jest zabroniona i wi\u0105\u017ce si\u0119 z mo\u017cliwo\u015bci\u0105 dyskwalifikacji zawodnika.\u00a0\u00a0\u00a0\u00a0\u00a0<\/p><p>&#8211; Nieuwzgl\u0119dnienie zawodnika w wynikach biegu wynikaj\u0105ce z b\u0142\u0119dnie przytwierdzonego<br \/>numeru z chipem nie stanowi podstawy do protestu.<\/p><p>&#8211; W przypadku umieszczenia numeru z chipem w innym miejscu, jakiekolwiek<br \/>uwagi do wynik\u00f3w b\u0119d\u0105 od razu odrzucane. \u00a0\u00a0\u00a0\u00a0\u00a0\u00a0\u00a0\u00a0\u00a0\u00a0\u00a0\u00a0\u00a0\u00a0\u00a0\u00a0\u00a0\u00a0\u00a0\u00a0\u00a0\u00a0\u00a0\u00a0\u00a0\u00a0\u00a0<\/p><p>&#8211; Brak numeru z chipem b\u0119dzie r\u00f3wnoznaczny z dyskwalifikacj\u0105 zawodnika.\u00a0\u00a0\u00a0\u00a0\u00a0\u00a0\u00a0\u00a0\u00a0\u00a0<\/p><p>\u00a0 &#8211; Do klasyfikacji generalnej liczy si\u0119 czas brutto pierwszych 50 zawodnik\u00f3w<br \/>bez wzgl\u0119du na p\u0142e\u0107, a pozosta\u0142e miejsca zostan\u0105 ustalone na podstawie czasu netto.\u00a0\u00a0\u00a0\u00a0\u00a0\u00a0\u00a0\u00a0\u00a0\u00a0\u00a0\u00a0\u00a0\u00a0\u00a0\u00a0\u00a0\u00a0\u00a0\u00a0\u00a0\u00a0\u00a0\u00a0\u00a0\u00a0\u00a0\u00a0\u00a0\u00a0\u00a0\u00a0\u00a0\u00a0\u00a0\u00a0\u00a0\u00a0\u00a0\u00a0\u00a0\u00a0\u00a0\u00a0\u00a0\u00a0\u00a0\u00a0\u00a0\u00a0\u00a0\u00a0\u00a0\u00a0\u00a0\u00a0\u00a0\u00a0\u00a0\u00a0\u00a0\u00a0\u00a0\u00a0\u00a0\u00a0\u00a0\u00a0\u00a0\u00a0\u00a0\u00a0\u00a0\u00a0\u00a0\u00a0\u00a0\u00a0\u00a0\u00a0\u00a0\u00a0\u00a0\u00a0\u00a0\u00a0\u00a0\u00a0\u00a0\u00a0\u00a0\u00a0\u00a0\u00a0\u00a0\u00a0\u00a0\u00a0\u00a0\u00a0\u00a0\u00a0\u00a0\u00a0\u00a0\u00a0\u00a0\u00a0\u00a0\u00a0\u00a0\u00a0\u00a0<\/p><p>\u00a0\u00a0 &#8211; Ka\u017cdy zawodnik otrzyma po zako\u0144czonym biegu smsa z wynikiem.\u00a0\u00a0\u00a0\u00a0\u00a0\u00a0\u00a0\u00a0\u00a0\u00a0\u00a0\u00a0\u00a0\u00a0\u00a0\u00a0\u00a0\u00a0\u00a0\u00a0\u00a0\u00a0\u00a0\u00a0\u00a0\u00a0 \u00a0\u00a0\u00a0\u00a0\u00a0\u00a0\u00a0\u00a0\u00a0\u00a0<\/p><p><strong>X. KLASYFIKACJA:<\/strong><\/p><p>W XIII Pabianickim P\u00f3\u0142maratonie prowadzona b\u0119dzie klasyfikacja<br \/>w nast\u0119puj\u0105cych kategoriach wiekowych:<\/p><p>1. Generalna<br \/>\u2013 kobiet<br \/>\u2013 m\u0119\u017cczyzn<\/p><p>2. Wiekowa m\u0119\u017cczyzn<br \/>M-16 \u2013 16-19 lat (2009-2006)<br \/>M-20 \u2013 20-29 lat (2005-1996)<br \/>M-30 \u2013 30-39 lat (1995-1986)<br \/>M-40 \u2013 40-49 lat (1985-1976)<br \/>M-50 \u2013 50-59 lat (1975-1966)<br \/>M-60 \u2013 60-69 lat (1965-1956)<br \/>M-70 \u2013 70 lat i powy\u017cej (1955 i starsi)<\/p><p>3. Wiekowa kobiet<br \/>K-16 \u2013 16-19 lat (2009-2006)<br \/>K-20 \u2013 20-29 lat (2005-1996)<br \/>K-30 \u2013 30-39 lat (1995-1986)<br \/>K-40 \u2013 40-49 lat (1985-1976)<br \/>K-50 \u2013 50-59 lat (1975-1966)<br \/>K-60 \u2013 60-69 lat (1965-1956)<br \/>K-70 \u2013 70 lat i powy\u017cej (1955 i starsze)<\/p><p>O zaliczeniu do kategorii wiekowej decyduje rok urodzenia.<\/p><p>4. Klubowa<br \/>&#8211; Klubem mo\u017ce by\u0107 formalna lub nieformalna grupa minimum 3 os\u00f3b reprezentuj\u0105ca <br \/>klub sportowy, stowarzyszenie, firm\u0119, grup\u0119 przyjaci\u00f3\u0142, lokaln\u0105 spo\u0142eczno\u015b\u0107, itp. <br \/>o zwyci\u0119stwie Klubu decyduje najni\u017csza suma czas\u00f3w jej 3 cz\u0142onk\u00f3w.<\/p><p>&#8211; Warunkiem sklasyfikowania jest uko\u0144czenie biegu przez min. 3 cz\u0142onk\u00f3w Klubu. <br \/>Sklasyfikowane zostan\u0105 tylko i wy\u0142\u0105cznie Kluby, kt\u00f3re podadz\u0105 identyczn\u0105 nazw\u0119 <br \/>swojego zespo\u0142u (Wszystko Gra, Stowarzyszenie Wszystko Gra, <br \/>Wszystko Gra Pabianice \u2013 to nie s\u0105 te same Kluby\/dru\u017cyny). <br \/>O kolejno\u015bci w klasyfikacji decyduje suma czas\u00f3w 3 najlepszych zawodnik\u00f3w danego Klubu.<\/p><p>5. Najlepsi pabianiczanie<br \/>\u2013 Najlepsza pabianiczanka,<br \/>\u2013 Najlepszy pabianiczanin.<\/p><p>6. Najlepszy stra\u017cak Ochotniczej Stra\u017cy Po\u017carnej*<\/p><p>7. Najlepszy stra\u017cak Pa\u0144stwowej Stra\u017cy Po\u017carnej*<\/p><p>8. Najlepszy policjant lub pracownik policji<\/p><p>9. Najlepsza policjantka lub pracowniczka policji<\/p><p>10. Dodatkowo<br \/>Dodatkowo drobne upominki otrzymaj\u0105 najstarszy m\u0119\u017cczyzna i najstarsza kobieta, <br \/>kt\u00f3rzy uko\u0144cz\u0105 XIII Pabianicki P\u00f3\u0142maraton.<\/p><p>* Stra\u017cacy pracuj\u0105cy w PSP i b\u0119d\u0105cy jednocze\u015bnie cz\u0142onkami OSP mog\u0105 <br \/>wybra\u0107 wy\u0142\u0105cznie jedn\u0105 kategori\u0119<\/p><p><strong>XI. NAGRODY:<\/strong><\/p><p>W XIII Pabianickim P\u00f3\u0142maratonie zawodnicy otrzymaj\u0105 nagrody:<\/p><p>a. w klasyfikacji generalnej m\u0119\u017cczyzn za miejsca I \u2013 V:<br \/>dyplom + statuetka, nagrody rzeczowe<\/p><p>b. w klasyfikacji generalnej kobiet za miejsca I \u2013 V:<br \/>dyplom + statuetka, nagrody rzeczowe<\/p><p>c. w klasyfikacji klubowej za miejsca I \u2013 III: dyplom + statuetka,<\/p><p>d. w kategoriach wiekowych kobiet i m\u0119\u017cczyzn za zaj\u0119cie I miejsca:<br \/>dyplom + statuetka, za miejsca II-III dyplom,<\/p><p>e. ka\u017cdy zawodnik, kt\u00f3ry uko\u0144czy bieg otrzyma pami\u0105tkowy medal,<\/p><p>f. za zaj\u0119cie I miejsca w kategorii Najlepsi pabianiczanie: dyplom + statuetka dla Najlepszej pabianiczanki i Najlepszego pabianiczanina,<\/p><p>g. w XIII Pabianickim P\u00f3\u0142maratonie nagrody si\u0119 nie dubluj\u0105 (dotyczy punktu X.1, X.2, X.3),<\/p><p>h. w kategorii Najlepszy stra\u017cak Ochotniczej Stra\u017cy Po\u017carnej za zaj\u0119cie miejsc I \u2013 III: dyplom + puchar,<\/p><p>i. w kategorii Najlepszy stra\u017cak Pa\u0144stwowej Stra\u017cy Po\u017carnej za zaj\u0119cie miejsc I \u2013 III: dyplom + puchar,<\/p><p>j. w kategorii Najlepszy policjant lub pracownik policji za zaj\u0119cie miejsc I-III dyplom + puchar,<\/p><p>k. w kategorii Najlepsza policjantka lub pracowniczka policji za zaj\u0119cie miejsc I-III dyplom + puchar<\/p><p><strong>XII. NOCLEGI I WY\u017bYWIENIE:<br \/><\/strong><br \/>\u2013 koszt op\u0142aty startowej, op\u0142aty za noclegi, dojazdy oraz dodatkowe wy\u017cywienie<br \/>ka\u017cdy zawodnik pokrywa we w\u0142asnym zakresie,<br \/>\u2013 dla os\u00f3b ch\u0119tnych zostanie przygotowana specjalna oferta cenowa <br \/>w Hotelu \u201eW\u0142\u00f3kniarz\u201d MOSiR w Pabianicach,<br \/>\u2013 na trasie biegu na punktach \u017cywieniowych zawodnicy otrzymaj\u0105 wod\u0119, banana, czekolad\u0119,<br \/>\u2013 po uko\u0144czeniu biegu na mecie zawodnicy otrzymaj\u0105 wod\u0119 oraz <br \/>posi\u0142ek regeneracyjny. Posi\u0142ek regeneracyjny wydawany jest na podstawie bonu, <br \/>kt\u00f3ry znajduje si\u0119 na numerze startowym.<\/p><p><strong>XIII. POSTANOWIENIA KO\u0143COWE:<br \/><\/strong><br \/>\u2013 P\u00f3\u0142maraton odb\u0119dzie si\u0119 bez wzgl\u0119du na pogod\u0119,<br \/>\u2013\u00a0 szczeg\u00f3\u0142owe informacje dotycz\u0105ce trybu wnoszenia i rozpatrywania <br \/>reklamacji w sprawie p\u0142atno\u015bci znajduj\u0105 si\u0119 na stronie www.pabianickipolmaraton,pl<br \/>\u2013 organizator zapewnia wszystkim uczestnikom biegu opiek\u0119 medyczn\u0105 <br \/>na trasie, starcie i mecie,<br \/>\u2013 organizator zapewnia szatnie \u2013 przebieralnie oraz szatnie depozytowe <br \/>na terenie MOSiR w Pabianicach,<br \/>\u2013 organizator zapewnia toalety i natryski na starcie i mecie,<br \/>\u2013 organizator nie ponosi odpowiedzialno\u015bci za wypadki maj\u0105ce miejsce <br \/>na trasie biegu wynikaj\u0105ce z winy uczestnik\u00f3w,<br \/>&#8211; uczestnicy XIII Pabianickiego P\u00f3\u0142maratonu r\u00f3wnolegle z przyst\u0105pieniem<br \/>do biegu wyra\u017caj\u0105 zgod\u0119 na publikacj\u0119 wizerunku w relacjach z biegu <br \/>zamieszczonych na stronie P\u00f3\u0142maratonu, FB P\u00f3\u0142maratonu, stronie organizator\u00f3w <br \/>i wsp\u00f3\u0142organizator\u00f3w, w mediach oraz materia\u0142ach promocyjnych biegu,<br \/>\u2013 zawodnicy, kt\u00f3rzy przerw\u0105 bieg b\u0119d\u0105 mogli skorzysta\u0107 z autobusu<br \/>z napisem KONIEC BIEGU, jad\u0105cym za ostatnimi zawodnikami,<br \/>\u2013 zweryfikowani zawodnicy maj\u0105 prawo do korzystania z bezp\u0142atnej komunikacji <br \/>miejskiej (autobusy) w dniach 12.04 oraz 13.04.2025 po okazaniu numeru startowego.<br \/>\u2013 uczestnicy XIII Pabianickiego P\u00f3\u0142maratonu, kt\u00f3rzy zajm\u0105 miejsca od I do X <br \/>po zako\u0144czeniu biegu mog\u0105 zosta\u0107 poddani badaniom antydopingowym, <br \/>kt\u00f3rym wyznaczony przez Komisj\u0119 zawodnik musi si\u0119 podda\u0107 bezwzgl\u0119dnie,<br \/>\u2013 pisemne protesty mo\u017cna zg\u0142asza\u0107 w Biurze P\u00f3\u0142maratonu godzin\u0119 po <br \/>zako\u0144czeniu biegu przez zawodnika,<br \/>\u2013 ostateczna interpretacja regulaminu P\u00f3\u0142maratonu nale\u017cy do organizatora.<\/p><p><strong>\u00a0<\/strong><strong>XIV. <\/strong><strong>DANE OSOBOWE<\/strong><\/p><p>&#8211; administratorem danych osobowych jest Stowarzyszenie \u201eWszystko Gra &#8211; Pabianice\u201d <br \/>ul. Traugutta 2, 95-200 Pabianice.<br \/>-podstaw\u0119 przetwarzania danych osobowych stanowi organizacja <br \/>XIII Pabianickiego P\u00f3\u0142maratonu \u201eWszystko Gra &#8211; Pabianice\u201d.<br \/><span style=\"font-style: inherit; font-weight: inherit; color: var( --e-global-color-text ); font-family: var( --e-global-typography-text-font-family ), Sans-serif;\">&#8211; dane osobowe w postaci: imienia i nazwiska, adresu zamieszkania, <br \/>numeru telefonu, daty urodzenia, adresu mailowego b\u0119d\u0105 wykorzystywane <br \/>wy\u0142\u0105cznie do cel\u00f3w organizacji, promocji, a tak\u017ce mog\u0105 w razie zagro\u017cenia <br \/>zosta\u0107 udost\u0119pniane s\u0142u\u017cbom odpowiadaj\u0105cym za bezpiecze\u0144stwo P\u00f3\u0142maratonu.<br \/><\/span><span style=\"font-style: inherit; font-weight: inherit; color: var( --e-global-color-text ); font-family: var( --e-global-typography-text-font-family ), Sans-serif;\">&#8211; dane b\u0119d\u0105 przechowywane do 31 grudnia 2025 roku.<br \/><\/span><span style=\"font-style: inherit; font-weight: inherit; color: var( --e-global-color-text ); font-family: var( --e-global-typography-text-font-family ), Sans-serif;\">&#8211; podanie danych jest dobrowolne, ale niezb\u0119dne do uczestnictwa <br \/>w XIII Pabianicki P\u00f3\u0142maratonie \u201eWszystko Gra- Pabianice\u201d.<br \/><\/span><span style=\"font-style: inherit; font-weight: inherit; color: var( --e-global-color-text ); font-family: var( --e-global-typography-text-font-family ), Sans-serif;\">&#8211; uczestnik jest uprawniony do \u017c\u0105dania od administratora dost\u0119pu <br \/>do jego danych osobowych, ich sprostowania, usuni\u0119cia lub ograniczenia <br \/>przetwarzania oraz do wniesienia sprzeciwu wobec przetwarzania, a\u00a0tak\u017ce do przenoszenia danych.<br \/><\/span><span style=\"font-style: inherit; font-weight: inherit; color: var( --e-global-color-text ); font-family: var( --e-global-typography-text-font-family ), Sans-serif;\">&#8211; uczestnikowi przys\u0142uguje prawo do wniesienia skargi do Organu Nadzorczego <br \/>w razie przetwarzania moich danych osobowych niezgodnie z obowi\u0105zuj\u0105cymi przepisami prawa.<br \/><\/span><span style=\"font-style: inherit; font-weight: inherit; color: var( --e-global-color-text ); font-family: var( --e-global-typography-text-font-family ), Sans-serif;\">&#8211; uczestnik jest uprawniony\/uprawniona do cofni\u0119cia niniejszej zgody w\u00a0dowolnym<br \/>|momencie, jednak bez wp\u0142ywu na zgodno\u015b\u0107 z\u00a0prawem przetwarzania, kt\u00f3rego <br \/>dokonano na podstawie zgody przed jej cofni\u0119ciem.<\/span><\/p>\t\t\t\t\t\t\t\t<\/div>\n\t\t\t\t<\/div>\n\t\t\t\t\t<\/div>\n\t\t<\/div>\n\t\t\t\t\t<\/div>\n\t\t<\/section>\n\t\t\t\t<\/div>\n\t\t","protected":false},"excerpt":{"rendered":"<p>REGULAMIN XIII PABIANICKIEGO P\u00d3\u0141MARATONU \u201eWszystko Gra\u201d I. CELE:\u2013 upowszechnienie masowego biegania,\u2013 propagowanie zdrowego trybu \u017cycia,\u2013 promocja miasta PABIANICE,\u2013 zach\u0119cenie do uprawiania sportu,\u2013 wdra\u017canie do systematycznego stosowania \u0107wicze\u0144 podnosz\u0105cych t\u0119\u017cyzn\u0119 fizyczn\u0105, kszta\u0142tuj\u0105cych prawid\u0142ow\u0105 postaw\u0119,\u2013 rozwijanie motywacji do podejmowania samodzielnych dzia\u0142a\u0144 na rzecz harmonijnego rozwoju fizycznego,\u2013 popularyzacja bieg\u00f3w jako formy rekreacji ruchowej. II. ORGANIZATOR: Stowarzyszenie \u201eWszystko Gra [&hellip;]<\/p>\n","protected":false},"author":1,"featured_media":0,"parent":0,"menu_order":0,"comment_status":"closed","ping_status":"closed","template":"","meta":{"footnotes":""},"class_list":["post-1213","page","type-page","status-publish","hentry"],"_links":{"self":[{"href":"https:\/\/pabianickipolmaraton.pl\/index.php\/wp-json\/wp\/v2\/pages\/1213","targetHints":{"allow":["GET"]}}],"collection":[{"href":"https:\/\/pabianickipolmaraton.pl\/index.php\/wp-json\/wp\/v2\/pages"}],"about":[{"href":"https:\/\/pabianickipolmaraton.pl\/index.php\/wp-json\/wp\/v2\/types\/page"}],"author":[{"embeddable":true,"href":"https:\/\/pabianickipolmaraton.pl\/index.php\/wp-json\/wp\/v2\/users\/1"}],"replies":[{"embeddable":true,"href":"https:\/\/pabianickipolmaraton.pl\/index.php\/wp-json\/wp\/v2\/comments?post=1213"}],"version-history":[{"count":59,"href":"https:\/\/pabianickipolmaraton.pl\/index.php\/wp-json\/wp\/v2\/pages\/1213\/revisions"}],"predecessor-version":[{"id":2223,"href":"https:\/\/pabianickipolmaraton.pl\/index.php\/wp-json\/wp\/v2\/pages\/1213\/revisions\/2223"}],"wp:attachment":[{"href":"https:\/\/pabianickipolmaraton.pl\/index.php\/wp-json\/wp\/v2\/media?parent=1213"}],"curies":[{"name":"wp","href":"https:\/\/api.w.org\/{rel}","templated":true}]}}