{"id":1152,"date":"2023-02-01T11:59:29","date_gmt":"2023-02-01T10:59:29","guid":{"rendered":"http:\/\/serwer1868155.home.pl\/autoinstalator\/wordpress1\/?page_id=1152"},"modified":"2024-01-07T21:28:48","modified_gmt":"2024-01-07T20:28:48","slug":"wolontariat","status":"publish","type":"page","link":"https:\/\/pabianickipolmaraton.pl\/index.php\/wolontariat\/","title":{"rendered":"Wolontariat"},"content":{"rendered":"\t\t<div data-elementor-type=\"wp-page\" data-elementor-id=\"1152\" class=\"elementor elementor-1152\">\n\t\t\t\t\t\t<section class=\"elementor-section elementor-top-section elementor-element elementor-element-373c23b elementor-section-boxed elementor-section-height-default elementor-section-height-default\" data-id=\"373c23b\" data-element_type=\"section\">\n\t\t\t\t\t\t<div class=\"elementor-container elementor-column-gap-default\">\n\t\t\t\t\t<div class=\"elementor-column elementor-col-100 elementor-top-column elementor-element elementor-element-b8bad43\" data-id=\"b8bad43\" data-element_type=\"column\">\n\t\t\t<div class=\"elementor-widget-wrap elementor-element-populated\">\n\t\t\t\t\t\t<div class=\"elementor-element elementor-element-f86a667 elementor-widget elementor-widget-image\" data-id=\"f86a667\" data-element_type=\"widget\" data-widget_type=\"image.default\">\n\t\t\t\t<div class=\"elementor-widget-container\">\n\t\t\t\t\t\t\t\t\t\t\t\t\t\t\t<img fetchpriority=\"high\" decoding=\"async\" width=\"300\" height=\"212\" src=\"https:\/\/pabianickipolmaraton.pl\/wp-content\/uploads\/2023\/02\/wszytsko_gra_logo-01-1024x723-1-300x212.png\" class=\"attachment-medium size-medium wp-image-1174\" alt=\"\" srcset=\"https:\/\/pabianickipolmaraton.pl\/wp-content\/uploads\/2023\/02\/wszytsko_gra_logo-01-1024x723-1-300x212.png 300w, https:\/\/pabianickipolmaraton.pl\/wp-content\/uploads\/2023\/02\/wszytsko_gra_logo-01-1024x723-1-768x542.png 768w, https:\/\/pabianickipolmaraton.pl\/wp-content\/uploads\/2023\/02\/wszytsko_gra_logo-01-1024x723-1-e1707322184954.png 212w\" sizes=\"(max-width: 300px) 100vw, 300px\" \/>\t\t\t\t\t\t\t\t\t\t\t\t\t\t\t<\/div>\n\t\t\t\t<\/div>\n\t\t\t\t<div class=\"elementor-element elementor-element-2d7ef74 elementor-widget elementor-widget-text-editor\" data-id=\"2d7ef74\" data-element_type=\"widget\" data-widget_type=\"text-editor.default\">\n\t\t\t\t<div class=\"elementor-widget-container\">\n\t\t\t\t\t\t\t\t\t<p align=\"CENTER\"><b>ZOSTA\u0143 WOLONTARIUSZEM<\/b><\/p><p align=\"CENTER\"><b>XII PABIANICKIEGO P\u00d3\u0141MARATONU \u201eWSZYSTKO GRA\u201d!<\/b><\/p><p align=\"CENTER\"><b>B\u0105d\u017a w naszej dru\u017cynie!!! \u015awiat Ci\u0119 potrzebuje!! My Ci\u0119 potrzebujemy!!!<\/b><\/p><p>\u00a0<\/p><p align=\"JUSTIFY\">Wolontariusz. Cz\u0119sto pomijany i niedostrzegany A przecie\u017c to dzi\u0119ki niemu ka\u017cdego dnia odbywaj\u0105 si\u0119 (i udaj\u0105!) setki imprez na ca\u0142ym \u015bwiecie. I to nie tylko biegowych, nie ma chyba bowiem \u017cadnej masowej imprezy sportowej, w kt\u00f3rej wolontariusze nie stanowiliby wa\u017cnej cz\u0119\u015bci.<\/p><p align=\"JUSTIFY\">Jak wiecie, wi\u0119kszo\u015b\u0107 os\u00f3b ze Sztabu Organizacyjnego Pabianickiego P\u00f3\u0142maratonu to harcerze\/instruktorzy ZHP. Ka\u017cdy z nich wielokrotnie udziela\u0142 si\u0119 przy organizacji niezliczonej ilo\u015bci wydarze\u0144 kulturalnych, sportowych, turystycznych, charytatywnych. Pozostali to ludzie, kt\u00f3rzy chc\u0105 i potrafi\u0105 pracowa\u0107 dla lokalnej spo\u0142eczno\u015bci nie oczekuj\u0105c nic w zamian. To ludzie wyj\u0105tkowi, o niesamowitych cechach charakteru.<\/p><p align=\"JUSTIFY\">Dlatego w\u0142a\u015bnie wiemy, jak wa\u017cni s\u0105 dobrzy wolontariusze i wiemy te\u017c, \u017ce nie ma w\u0142a\u015bciwie s\u0142\u00f3w, kt\u00f3rymi mo\u017cna wyrazi\u0107 wdzi\u0119czno\u015b\u0107 za ich prac\u0119\u00a0 i po\u015bwi\u0119cenie.<\/p><p><b>Zosta\u0144 wolontariuszem! B\u0105d\u017a w naszej dru\u017cynie!!!<\/b><\/p><p>24 marca 2024 roku odb\u0119dzie si\u0119 ju\u017c XII edycja Pabianickiego P\u00f3\u0142maratonu. To ogromne wydarzenie, w kt\u00f3rym bierze udzia\u0142 oko\u0142o tys. zawodnik\u00f3w i tyle samo widz\u00f3w.\u00a0 W organizacji tego przedsi\u0119wzi\u0119cia pomaga nam co roku grupa oko\u0142o 300 wolontariuszy z r\u00f3\u017cnych organizacji, stowarzysze\u0144, fundacji. Wspieraj\u0105 nas osoby niezrzeszone, kt\u00f3re kochaj\u0105 sport i chc\u0105 sp\u0119dzi\u0107 \u017cycie nie tylko przed komputerem. To b\u0119dzie dla nas pracowity czas, dlatego potrzebujemy Waszej pomocy. Zwracamy si\u0119 z pro\u015bb\u0105 do wszystkich tych, kt\u00f3rzy chcieliby sta\u0107 si\u0119 cz\u0119\u015bci\u0105 tego wydarzenia.<\/p><p>Je\u017celi:<\/p><p>\u2013\u00a0chcia\u0142by\u015b zobaczy\u0107 prac\u0119 przy p\u00f3\u0142maratonie \u201eod kuchni\u201d,<\/p><p>\u2013\u00a0pozna\u0107 energicznych i u\u015bmiechni\u0119tych ludzi,<\/p><p>\u2013\u00a0zdoby\u0107 do\u015bwiadczenie,<\/p><p>\u2013\u00a0potrafisz pracowa\u0107 w grupie i lubisz wyzwania,<\/p><p>\u2013\u00a0masz minimum 16 lat i otrzymasz pisemn\u0105 zgod\u0119 rodzica lub prawnego opiekuna (w przypadku os\u00f3b niepe\u0142noletnich)<\/p><p>to napisz do nas na adres biuro<u>@pabianickipolmaraton.pl\u00a0<\/u>w tytule emaila wpisuj\u0105c \u201eWolontariat\u201d lub przyjd\u017a do siedziby Stowarzyszenia \u201eWszystko Gra \u2013 Pabianice\u201d znajduj\u0105cej si\u0119 przy ul. Traugutta 2 w Pabianicach (w godzinach otwarcia).<\/p><p>U do\u0142u strony znajdziesz wszystkie niezb\u0119dne formularze \u2013 pobierz je, wydrukuj i wy\u015blij lub przynie\u015b na spotkanie.<\/p><p><b>Co oferujemy w zamian?<\/b><\/p><p>Wsp\u00f3\u0142praca przy tworzeniu razem z nami p\u00f3\u0142maratonu to nie tylko mo\u017cliwo\u015b\u0107 sprawdzenia si\u0119 w sytuacjach wymagaj\u0105cych dobrej organizacji, ale tak\u017ce solidna dawka u\u015bmiechu oraz wdzi\u0119czno\u015b\u0107 zawodnik\u00f3w przyje\u017cd\u017caj\u0105cych do nas z ca\u0142ej Polski.<\/p><p>Po zako\u0144czonej wsp\u00f3\u0142pracy wolontariusze otrzymaj\u0105 certyfikat, a najzdolniejsi opinie o wsp\u00f3\u0142pracy i sposobie wykonywania powierzonych zada\u0144. Dokument taki jest ceniony i coraz cz\u0119\u015bciej stanowi uzupe\u0142nienie CV. Ka\u017cdy z wolontariuszy otrzyma prezent oraz ciep\u0142y posi\u0142ek w dniu zawod\u00f3w.<\/p><p>Do\u015bwiadczenie to mo\u017ce by\u0107 bezcenne dla wielu ochotnik\u00f3w, kt\u00f3rzy b\u0119d\u0105 mogli zdobyte umiej\u0119tno\u015bci wykorzysta\u0107 w swoim \u017cyciu prywatnym i zawodowym, os\u00f3b ubiegaj\u0105cych si\u0119 o przyj\u0119cie na studia lub poszukuj\u0105cych pracy.<br \/><b>Nie zwlekaj z decyzj\u0105. Ju\u017c dzi\u015b zapisz si\u0119 na (pierwsz\u0105) przygod\u0119 swojego \u017cycia!<\/b><\/p><p>\u00a0<\/p><p><b>Przewidywane grupy zadaniowe:<\/b><\/p><p><b>1. Biuro zawod\u00f3w<\/b>\u00a0\u2013 jedno z wa\u017cniejszym miejsc ca\u0142ego P\u00f3\u0142maratonu. To tutaj zg\u0142aszaj\u0105 si\u0119 zawodnicy po swoje pakiety startowe oraz informacje. Do pracy w tym miejscu potrzebna jest pewno\u015b\u0107 siebie, ogromna dyscyplina, cierpliwo\u015b\u0107, orientacja, szybko\u015b\u0107, opanowanie i szeroki u\u015bmiech.<br \/><b>Wiek<\/b>: minimum 16 lat<\/p><p><b>2. Punkty \u017cywieniowe<\/b>\u00a0\u2013 kolejne miejsce, bez kt\u00f3rego wi\u0119kszo\u015b\u0107 zawodnik\u00f3w nie wyobra\u017ca sobie startu. To tutaj wydawane jest biegn\u0105cym osobom picie i drobne przek\u0105ski (pokrojone banany, kawa\u0142ki czekolady, rodzynki). Mo\u017cna \u015bmia\u0142o rzec, i\u017c od szybkiej i bezproblemowej obs\u0142ugi tego miejsca zale\u017cy po\u0142owa sukcesu naszego p\u00f3\u0142maratonu, dlatego wa\u017cne jest, aby osoby chc\u0105ce si\u0119 tu sprawdzi\u0107 potrafi\u0142y szybko reagowa\u0107 na problemy i by\u0107 odporne na presj\u0119, wynikaj\u0105c\u0105 z du\u017cej ilo\u015bci zawodnik\u00f3w wbiegaj\u0105cych na punkt jednocze\u015bnie.<br \/>Ka\u017cdy punkt b\u0119dzie mia\u0142 minimum jednego koordynatora z do\u015bwiadczeniem w pracy na takim stanowisku.<br \/><b>Wiek<\/b>: minimum 16 lat<\/p><p><b>3. Trasa<\/b>\u00a0\u2013 mimo zabezpieczenia trasy p\u00f3\u0142maratonu przez Policj\u0119 potrzebne s\u0105 na niej tak\u017ce osoby, kt\u00f3re dodatkowo zadbaj\u0105 o prawid\u0142owy przebieg zawod\u00f3w, pokieruj\u0105 ruchem i odpowiednio szybko zareaguj\u0105 na nieprzewidziane problemy.\u00a0<b>Wiek<\/b>: minimum 18 lat<\/p><p><b>4. Meta<\/b>\u00a0\u2013 wolontariusze pracuj\u0105cy w tej strefie b\u0119d\u0105 odpowiedzialni za m.in. wr\u0119czanie medali, wody oraz poinformowanie zm\u0119czonych biegaczy o miejscu, w kt\u00f3rym mog\u0105 zje\u015b\u0107 postartowy posi\u0142ek.<br \/><b>Wiek<\/b>: minimum 16 lat<\/p><p><b>5. S\u0142u\u017cba Porz\u0105dkowa na terenie MOSiR<\/b>\u00a0\u2013 to bardzo odpowiedzialne zadanie, osoby, kt\u00f3re si\u0119 tym zajmuj\u0105 s\u0105 odpowiedzialne za miejsca parkingowe, porz\u0105dek na terenie, zwracanie uwagi przechodniom i go\u015bciom na zachowanie bezpiecze\u0144stwa i przestrzeganie regulaminu, kierowanie uczestnik\u00f3w i obserwator\u00f3w.<br \/><b>Wiek<\/b>: minimum 18 lat<\/p><p><b>6. Depozyt<\/b>\u00a0\u2013 Przyjmowanie i wydawanie rzeczy nale\u017c\u0105cych do zawodnik\u00f3w w Miasteczku Biegaczy.<br \/><b>Wiek<\/b>: minimum 16 lat<\/p><p><b>7. Pabianicki P\u00f3\u0142maratonik<\/b>\u00a0\u2013 pomoc przy organizacji Pabianickiego P\u00f3\u0142maratoniku, biegu dla os\u00f3b w dzieci w wieku 6 \u2013 14 lat.<br \/><b>Wiek<\/b>: minimum 16 lat<\/p><p><b>8. Bieg na Szpilkach<\/b>\u00a0\u2013 pomoc przy organizacji Biegu na Szpilkach skierowanego do nieco odwa\u017cniejszych kobiet, kt\u00f3re dystans 100 metr\u00f3w pokonuj\u0105 w bucie na 7-centymetrowym obcasie.<b><br \/>Wiek<\/b>: minimum 16 lat<\/p><p><b>9.<\/b>\u00a0<b>Bieg Janusz\u00f3w<\/b>\u00a0\u2013 pomoc przy organizacji Biegu Janusz\u00f3w, kt\u00f3ry skierowany jest do m\u0119\u017cczyzn. Jak sama nazwa m\u00f3wi to jest bieg dla tych, kt\u00f3rzy maj\u0105 dystans do siebie.<b><br \/>Wiek<\/b>: minimum 16 lat<\/p><p><b>10. S\u0142u\u017cby techniczne<\/b>\u00a0\u2013 to jedna z najci\u0119\u017cszych prac, ale jak\u017ce widocznych<br \/>i efektownych. S\u0142u\u017cby te s\u0105 potrzebne do rozstawienia namiot\u00f3w, prac przy zwo\u017ceniu sprz\u0119tu, a tak\u017ce do posprz\u0105tania po imprezie.<br \/><b>Wiek<\/b>: minimum 16 lat<\/p><p>Oczywi\u015bcie b\u0119dziecie nam potrzebni w tysi\u0105cu r\u00f3\u017cnych miejsc, a zadania b\u0119d\u0105 tak zr\u00f3\u017cnicowane jak Wasze charaktery<\/p><p>\u00a0<\/p>\t\t\t\t\t\t\t\t<\/div>\n\t\t\t\t<\/div>\n\t\t\t\t\t<\/div>\n\t\t<\/div>\n\t\t\t\t\t<\/div>\n\t\t<\/section>\n\t\t\t\t<section class=\"elementor-section elementor-top-section elementor-element elementor-element-dc31a70 elementor-section-boxed elementor-section-height-default elementor-section-height-default\" data-id=\"dc31a70\" data-element_type=\"section\">\n\t\t\t\t\t\t<div class=\"elementor-container elementor-column-gap-default\">\n\t\t\t\t\t<div class=\"elementor-column elementor-col-33 elementor-top-column elementor-element elementor-element-43cddf6\" data-id=\"43cddf6\" data-element_type=\"column\">\n\t\t\t<div class=\"elementor-widget-wrap elementor-element-populated\">\n\t\t\t\t\t\t<div class=\"elementor-element elementor-element-6ec0d98 elementor-widget elementor-widget-premium-addon-button\" data-id=\"6ec0d98\" data-element_type=\"widget\" data-widget_type=\"premium-addon-button.default\">\n\t\t\t\t<div class=\"elementor-widget-container\">\n\t\t\t\t\t\r\n\r\n\t\t<a class=\"premium-button premium-button-style7 premium-btn-lg premium-button-style7-bottom\" href=\"http:\/\/pabianickipolmaraton.pl\/wp-content\/uploads\/2023\/02\/Formularz-zgloszenia-wolontariusza.pdf\" target=\"_blank\">\r\n\t\t\t<div class=\"premium-button-text-icon-wrapper\">\r\n\t\t\t\t\r\n\t\t\t\t\t\t\t\t\t<span >\r\n\t\t\t\t\t\tFormularz zg\u0142oszenia na wolontariat\t\t\t\t\t<\/span>\r\n\t\t\t\t\r\n\t\t\t\t\t\t\t<\/div>\r\n\r\n\t\t\t\r\n\t\t\t\r\n\t\t\t\r\n\t\t<\/a>\r\n\r\n\r\n\t\t\t\t\t\t<\/div>\n\t\t\t\t<\/div>\n\t\t\t\t\t<\/div>\n\t\t<\/div>\n\t\t\t\t<div class=\"elementor-column elementor-col-33 elementor-top-column elementor-element elementor-element-b8877ce\" data-id=\"b8877ce\" data-element_type=\"column\">\n\t\t\t<div class=\"elementor-widget-wrap elementor-element-populated\">\n\t\t\t\t\t\t<div class=\"elementor-element elementor-element-699d106 elementor-widget elementor-widget-premium-addon-button\" data-id=\"699d106\" data-element_type=\"widget\" data-widget_type=\"premium-addon-button.default\">\n\t\t\t\t<div class=\"elementor-widget-container\">\n\t\t\t\t\t\r\n\r\n\t\t<a class=\"premium-button premium-button-style7 premium-btn-lg premium-button-style7-bottom\" href=\"http:\/\/pabianickipolmaraton.pl\/wp-content\/uploads\/2023\/02\/Zgoda-rodzica-lub-opiekuna-prawnego.pdf\" target=\"_blank\">\r\n\t\t\t<div class=\"premium-button-text-icon-wrapper\">\r\n\t\t\t\t\r\n\t\t\t\t\t\t\t\t\t<span >\r\n\t\t\t\t\t\tZgoda rodzica lub opiekuna prawnego\t\t\t\t\t<\/span>\r\n\t\t\t\t\r\n\t\t\t\t\t\t\t<\/div>\r\n\r\n\t\t\t\r\n\t\t\t\r\n\t\t\t\r\n\t\t<\/a>\r\n\r\n\r\n\t\t\t\t\t\t<\/div>\n\t\t\t\t<\/div>\n\t\t\t\t\t<\/div>\n\t\t<\/div>\n\t\t\t\t<div class=\"elementor-column elementor-col-33 elementor-top-column elementor-element elementor-element-2ab4f94\" data-id=\"2ab4f94\" data-element_type=\"column\">\n\t\t\t<div class=\"elementor-widget-wrap elementor-element-populated\">\n\t\t\t\t\t\t<div class=\"elementor-element elementor-element-7481b0f elementor-widget elementor-widget-premium-addon-button\" data-id=\"7481b0f\" data-element_type=\"widget\" data-widget_type=\"premium-addon-button.default\">\n\t\t\t\t<div class=\"elementor-widget-container\">\n\t\t\t\t\t\r\n\r\n\t\t<a class=\"premium-button premium-button-style7 premium-btn-lg premium-button-style7-bottom\" href=\"http:\/\/pabianickipolmaraton.pl\/wp-content\/uploads\/2023\/02\/Zgoda-na-przetwarzanie-danych-osobowych.pdf\" target=\"_blank\">\r\n\t\t\t<div class=\"premium-button-text-icon-wrapper\">\r\n\t\t\t\t\r\n\t\t\t\t\t\t\t\t\t<span >\r\n\t\t\t\t\t\tZgoda na przetwarzanie danych osobowych\t\t\t\t\t<\/span>\r\n\t\t\t\t\r\n\t\t\t\t\t\t\t<\/div>\r\n\r\n\t\t\t\r\n\t\t\t\r\n\t\t\t\r\n\t\t<\/a>\r\n\r\n\r\n\t\t\t\t\t\t<\/div>\n\t\t\t\t<\/div>\n\t\t\t\t\t<\/div>\n\t\t<\/div>\n\t\t\t\t\t<\/div>\n\t\t<\/section>\n\t\t\t\t<\/div>\n\t\t","protected":false},"excerpt":{"rendered":"<p>ZOSTA\u0143 WOLONTARIUSZEM XII PABIANICKIEGO P\u00d3\u0141MARATONU \u201eWSZYSTKO GRA\u201d! B\u0105d\u017a w naszej dru\u017cynie!!! \u015awiat Ci\u0119 potrzebuje!! My Ci\u0119 potrzebujemy!!! \u00a0 Wolontariusz. Cz\u0119sto pomijany i niedostrzegany A przecie\u017c to dzi\u0119ki niemu ka\u017cdego dnia odbywaj\u0105 si\u0119 (i udaj\u0105!) setki imprez na ca\u0142ym \u015bwiecie. I to nie tylko biegowych, nie ma chyba bowiem \u017cadnej masowej imprezy sportowej, w kt\u00f3rej wolontariusze [&hellip;]<\/p>\n","protected":false},"author":1,"featured_media":0,"parent":0,"menu_order":0,"comment_status":"closed","ping_status":"closed","template":"","meta":{"footnotes":""},"class_list":["post-1152","page","type-page","status-publish","hentry"],"_links":{"self":[{"href":"https:\/\/pabianickipolmaraton.pl\/index.php\/wp-json\/wp\/v2\/pages\/1152","targetHints":{"allow":["GET"]}}],"collection":[{"href":"https:\/\/pabianickipolmaraton.pl\/index.php\/wp-json\/wp\/v2\/pages"}],"about":[{"href":"https:\/\/pabianickipolmaraton.pl\/index.php\/wp-json\/wp\/v2\/types\/page"}],"author":[{"embeddable":true,"href":"https:\/\/pabianickipolmaraton.pl\/index.php\/wp-json\/wp\/v2\/users\/1"}],"replies":[{"embeddable":true,"href":"https:\/\/pabianickipolmaraton.pl\/index.php\/wp-json\/wp\/v2\/comments?post=1152"}],"version-history":[{"count":31,"href":"https:\/\/pabianickipolmaraton.pl\/index.php\/wp-json\/wp\/v2\/pages\/1152\/revisions"}],"predecessor-version":[{"id":1744,"href":"https:\/\/pabianickipolmaraton.pl\/index.php\/wp-json\/wp\/v2\/pages\/1152\/revisions\/1744"}],"wp:attachment":[{"href":"https:\/\/pabianickipolmaraton.pl\/index.php\/wp-json\/wp\/v2\/media?parent=1152"}],"curies":[{"name":"wp","href":"https:\/\/api.w.org\/{rel}","templated":true}]}}